{"id":17,"date":"2025-03-29T20:31:09","date_gmt":"2025-03-29T20:31:09","guid":{"rendered":"https:\/\/www.dm75224.domenomania.eu\/?page_id=17"},"modified":"2025-10-14T10:34:22","modified_gmt":"2025-10-14T10:34:22","slug":"fotograf-slubny-ostrowiec-warszawa-rzeszow-lublin","status":"publish","type":"page","link":"https:\/\/pstryk.info\/","title":{"rendered":"O mnie"},"content":{"rendered":"\n<div class=\"wp-block-columns is-layout-flex wp-container-core-columns-is-layout-1 wp-block-columns-is-layout-flex\">\n<div class=\"wp-block-column is-layout-flow wp-block-column-is-layout-flow\" style=\"flex-basis:50%\">\n<p><strong>Cze\u015b\u0107<\/strong>. Jestem Arkadiusz. Fotografuj\u0119. Bywam gadu\u0142\u0105 i zagadywaczem.  <br>Nosz\u0119 okulary tylko do czytania i g\u0142ow\u0119 do my\u015blenia. \ud83d\ude42<\/p>\n\n\n\n<p>Daj\u0119 ka\u017cdemu z Was obrazki erupcji serc, wpatrzonych oczu i u\u015bmiech\u00f3w. Daj\u0119 Wam pakiet wspomnie\u0144 otwieranych po latach i udokumentowanych na zdj\u0119ciach. A w przypadku zdj\u0119\u0107 innych ni\u017c \u015blubne..daj\u0119 Wam pi\u0119kno .. po prostu. <\/p>\n\n\n\n<p><strong>Utrwalam wspomnienia.<\/strong> Maluj\u0119 je obiektywem uzbrojonym w moje oko. Po to, aby po latach przynosi\u0142y u\u015bmiech i wzruszenie.<\/p>\n\n\n\n<p>W ko\u0144cu fotografia \u015blubna to emocje i wzruszki na przysz\u0142o\u015b\u0107 \ud83d\ude42<\/p>\n\n\n\n<p>Pracuj\u0119 w fotografii od 2008 roku, co daje mi pot\u0119\u017cn\u0105 dawk\u0119 <strong>do\u015bwiadczenia <\/strong>i przewidywania wydarze\u0144, dzi\u0119ki czemu prawie nic nie omija mnie w aspekcie rejestracji chwil w reporta\u017cu \u015blubnym. <\/p>\n\n\n\n<p>Posiadam ponad <strong>40 publikacji <\/strong>magazynowych. Publikacje w BeautyMUTE, SALYSE , EMOTE mag, beauNU, New Face , CREATORS magazine, Art of Portrait, IMIRAGE, LikeaLION, MARIKA, Opium Red Magazine, ASC Fashion, Boudoir Inspiration Magazine, BLUE FRAME magazine, ShowCase, VIGOUR magazine i dalszych.<\/p>\n\n\n\n<p>Regularnie osi\u0105gam wyniki 1 i 2 lokacyjne w akcji Or\u0142\u00f3w Fotografii. <br>Moje zdj\u0119cia by\u0142y <strong>wyr\u00f3\u017cniane <\/strong>w bran\u017cowych profilach i portalach fotografii \u015blubnej i innych.  Na profilu posiadam 100% pozytywnych opinii. <\/p>\n\n\n\n<p><strong>Uwielbiam <\/strong>kadry przypominaj\u0105ce klatki z filmu. Unikam oczywisto\u015bci i bana\u0142u. <br><em>Patrz oczyma, fotografuj sercem<\/em>.<\/p>\n\n\n\n<p>Pracuj\u0119 na terenie ca\u0142ej Polski. <br>\u015aluby czy sesje zagraniczne ? Oczywi\u015bcie. Na koncie Budapeszt (HU), Grado (IT) i Neapol i Capri (IT).<\/p>\n\n\n\n<p>Moj\u0105 <strong>dewiz\u0105 <\/strong>cz\u0119sto s\u0105 s\u0142owa Garrego Winogrand&#8217;a: <em>Fotografuj\u0119, \u017ceby si\u0119 przekona\u0107, jak to b\u0119dzie wygl\u0105da\u0142o na zdj\u0119ciu<\/em>.<\/p>\n\n\n\n<p>&nbsp;<br><\/p>\n<\/div>\n\n\n\n<div class=\"wp-block-column is-layout-flow wp-block-column-is-layout-flow\" style=\"flex-basis:50%\">\n<figure class=\"wp-block-image size-full\"><img loading=\"lazy\" decoding=\"async\" width=\"1024\" height=\"1536\" src=\"https:\/\/pstryk.info\/wp-content\/uploads\/2025\/10\/ChatGPT-Image-14-paz-2025-12_12_50.png\" alt=\"\" class=\"wp-image-641\" style=\"aspect-ratio:9\/16;object-fit:cover\" srcset=\"https:\/\/pstryk.info\/wp-content\/uploads\/2025\/10\/ChatGPT-Image-14-paz-2025-12_12_50.png 1024w, https:\/\/pstryk.info\/wp-content\/uploads\/2025\/10\/ChatGPT-Image-14-paz-2025-12_12_50-200x300.png 200w, https:\/\/pstryk.info\/wp-content\/uploads\/2025\/10\/ChatGPT-Image-14-paz-2025-12_12_50-683x1024.png 683w, https:\/\/pstryk.info\/wp-content\/uploads\/2025\/10\/ChatGPT-Image-14-paz-2025-12_12_50-768x1152.png 768w\" sizes=\"auto, (max-width: 1024px) 100vw, 1024px\" \/><\/figure>\n<\/div>\n<\/div>\n\n\n\n<div class=\"wp-block-columns is-layout-flex wp-container-core-columns-is-layout-2 wp-block-columns-is-layout-flex\">\n<div class=\"wp-block-column is-layout-flow wp-block-column-is-layout-flow\">\n<figure class=\"wp-block-image size-full is-resized\"><img loading=\"lazy\" decoding=\"async\" width=\"200\" height=\"200\" src=\"http:\/\/www.pstryk.info\/wp-content\/uploads\/2025\/03\/Untitleds-ss1-1.jpg\" alt=\"\" class=\"wp-image-70\" style=\"width:274px;height:auto\" srcset=\"https:\/\/pstryk.info\/wp-content\/uploads\/2025\/03\/Untitleds-ss1-1.jpg 200w, https:\/\/pstryk.info\/wp-content\/uploads\/2025\/03\/Untitleds-ss1-1-150x150.jpg 150w\" sizes=\"auto, (max-width: 200px) 100vw, 200px\" \/><figcaption class=\"wp-element-caption\"><br>Podgl\u0105dam..chocia\u017c nie jestem podgl\u0105daczem \ud83d\ude42<\/figcaption><\/figure>\n<\/div>\n\n\n\n<div class=\"wp-block-column is-layout-flow wp-block-column-is-layout-flow\">\n<figure class=\"wp-block-image size-full is-resized\"><img loading=\"lazy\" decoding=\"async\" width=\"200\" height=\"200\" src=\"https:\/\/www.pstryk.info\/wp-content\/uploads\/2025\/03\/Untitled-s1.jpg\" alt=\"\" class=\"wp-image-71\" style=\"width:274px;height:auto\" srcset=\"https:\/\/pstryk.info\/wp-content\/uploads\/2025\/03\/Untitled-s1.jpg 200w, https:\/\/pstryk.info\/wp-content\/uploads\/2025\/03\/Untitled-s1-150x150.jpg 150w\" sizes=\"auto, (max-width: 200px) 100vw, 200px\" \/><figcaption class=\"wp-element-caption\"><br>Biegam na sesjach..chocia\u017c nie jestem biegaczem&#8230;<\/figcaption><\/figure>\n<\/div>\n\n\n\n<div class=\"wp-block-column is-layout-flow wp-block-column-is-layout-flow\">\n<figure class=\"wp-block-gallery has-nested-images columns-default is-cropped wp-block-gallery-1 is-layout-flex wp-block-gallery-is-layout-flex\">\n<figure class=\"wp-block-image size-thumbnail\"><img loading=\"lazy\" decoding=\"async\" width=\"150\" height=\"150\" src=\"https:\/\/www.pstryk.info\/wp-content\/uploads\/2025\/03\/Untitled-ss1-150x150.jpg\" alt=\"\" class=\"wp-image-72\" srcset=\"https:\/\/pstryk.info\/wp-content\/uploads\/2025\/03\/Untitled-ss1-150x150.jpg 150w, https:\/\/pstryk.info\/wp-content\/uploads\/2025\/03\/Untitled-ss1.jpg 200w\" sizes=\"auto, (max-width: 150px) 100vw, 150px\" \/><\/figure>\n<\/figure>\n\n\n\n<p>Mam asystenta, kt\u00f3ry nie ma poj\u0119cia o zdj\u0119ciach \ud83d\ude42<\/p>\n<\/div>\n<\/div>\n\n\n\n<figure class=\"wp-block-image size-large\"><img loading=\"lazy\" decoding=\"async\" width=\"1024\" height=\"170\" src=\"https:\/\/www.pstryk.info\/wp-content\/uploads\/2025\/03\/baner1b-1024x170.jpg\" alt=\"\" class=\"wp-image-74\" srcset=\"https:\/\/pstryk.info\/wp-content\/uploads\/2025\/03\/baner1b-1024x170.jpg 1024w, https:\/\/pstryk.info\/wp-content\/uploads\/2025\/03\/baner1b-300x50.jpg 300w, https:\/\/pstryk.info\/wp-content\/uploads\/2025\/03\/baner1b-768x128.jpg 768w, https:\/\/pstryk.info\/wp-content\/uploads\/2025\/03\/baner1b.jpg 1082w\" sizes=\"auto, (max-width: 1024px) 100vw, 1024px\" \/><\/figure>\n\n\n\n<div class=\"wp-block-columns is-layout-flex wp-container-core-columns-is-layout-3 wp-block-columns-is-layout-flex\">\n<div class=\"wp-block-column is-layout-flow wp-block-column-is-layout-flow\">\n<figure class=\"wp-block-image size-full\"><a href=\"https:\/\/www.instagram.com\/fotografia.pstryk\"><img loading=\"lazy\" decoding=\"async\" width=\"100\" height=\"42\" src=\"http:\/\/www.pstryk.info\/wp-content\/uploads\/2025\/03\/instalog.jpg\" alt=\"\" class=\"wp-image-309\"\/><\/a><\/figure>\n<\/div>\n\n\n\n<div class=\"wp-block-column is-layout-flow wp-block-column-is-layout-flow\">\n<figure class=\"wp-block-image size-full\"><a href=\"https:\/\/www.facebook.com\/pstryk.info\"><img loading=\"lazy\" decoding=\"async\" width=\"100\" height=\"42\" src=\"http:\/\/www.pstryk.info\/wp-content\/uploads\/2025\/03\/facelog.jpg\" alt=\"\" class=\"wp-image-310\"\/><\/a><\/figure>\n<\/div>\n\n\n\n<div class=\"wp-block-column is-layout-flow wp-block-column-is-layout-flow\">\n<figure class=\"wp-block-image size-full\"><a href=\"https:\/\/www.tiktok.com\/@arekphotographer\"><img loading=\"lazy\" decoding=\"async\" width=\"100\" height=\"42\" src=\"http:\/\/www.pstryk.info\/wp-content\/uploads\/2025\/03\/tiktoklog.jpg\" alt=\"\" class=\"wp-image-311\"\/><\/a><\/figure>\n<\/div>\n<\/div>\n\n\n\n<figure class=\"wp-block-image size-large\"><img loading=\"lazy\" decoding=\"async\" width=\"1024\" height=\"683\" src=\"https:\/\/pstryk.info\/wp-content\/uploads\/2025\/10\/ARN09085s-1024x683.jpg\" alt=\"\" class=\"wp-image-644\" srcset=\"https:\/\/pstryk.info\/wp-content\/uploads\/2025\/10\/ARN09085s-1024x683.jpg 1024w, https:\/\/pstryk.info\/wp-content\/uploads\/2025\/10\/ARN09085s-300x200.jpg 300w, https:\/\/pstryk.info\/wp-content\/uploads\/2025\/10\/ARN09085s-768x512.jpg 768w, https:\/\/pstryk.info\/wp-content\/uploads\/2025\/10\/ARN09085s-1536x1024.jpg 1536w, https:\/\/pstryk.info\/wp-content\/uploads\/2025\/10\/ARN09085s-450x300.jpg 450w, https:\/\/pstryk.info\/wp-content\/uploads\/2025\/10\/ARN09085s.jpg 1920w\" sizes=\"auto, (max-width: 1024px) 100vw, 1024px\" \/><\/figure>\n\n\n\n<h2 class=\"wp-block-heading\">GDZIE NA SESJ\u0118 ? A CO POWIESZ NA \u015aWI\u0118TOKRZYSKIE  ?   <\/h2>\n\n\n\n<p>Ile\u017c to czasami pyta\u0144&#8230; a gdzie by tu na sesj\u0119&#8230;i \u017ceby nie jecha\u0107 daleko a zosta\u0107 w rejonie \u015bwi\u0119tokrzyskiego&#8230; nic prostszego <img loading=\"lazy\" decoding=\"async\" height=\"16\" width=\"16\" alt=\"\ud83d\ude42\" src=\"https:\/\/static.xx.fbcdn.net\/images\/emoji.php\/v9\/t4c\/1\/16\/1f642.png\"><\/p>\n\n\n\n<p>Sesja \u015blubna w wojew\u00f3dztwie <a><\/a>\u015bwi\u0119tokrzyskim \u2013 gdzie magia spotyka romantyzm.<\/p>\n\n\n\n<p>Je\u015bli marzycie o wyj\u0105tkowej sesji \u015blubnej pe\u0142nej klimatu, natury i historii, wojew\u00f3dztwo \u015bwi\u0119tokrzyskie ma Wam naprawd\u0119 wiele do zaoferowania. To region &#8211; od tajemniczych ruin po urokliwe pola i eleganckie zamki.<\/p>\n\n\n\n<p>Jednym z najbardziej bajkowych miejsc jest Zamek w Baranowie Sandomierskim \u2013 nazywany cz\u0119sto \u201eMa\u0142ym Wawelem\u201d z uwagi na wygl\u0105d dziedzi\u0144ca ..r\u00f3\u017cnica tylko sakli <img loading=\"lazy\" decoding=\"async\" height=\"16\" width=\"16\" alt=\"\ud83d\ude42\" src=\"https:\/\/static.xx.fbcdn.net\/images\/emoji.php\/v9\/t4c\/1\/16\/1f642.png\"> . Jego renesansowa architektura, pi\u0119kne kru\u017cganki i malowniczy park tworz\u0105 niepowtarzalny klimat. To idealne miejsce na eleganck\u0105 sesj\u0119.<\/p>\n\n\n\n<figure class=\"wp-block-gallery has-nested-images columns-default is-cropped wp-block-gallery-2 is-layout-flex wp-block-gallery-is-layout-flex\">\n<figure class=\"wp-block-image size-full\"><img loading=\"lazy\" decoding=\"async\" width=\"1280\" height=\"1920\" data-id=\"646\" src=\"https:\/\/pstryk.info\/wp-content\/uploads\/2025\/10\/ARK05524s.jpg\" alt=\"\" class=\"wp-image-646\" srcset=\"https:\/\/pstryk.info\/wp-content\/uploads\/2025\/10\/ARK05524s.jpg 1280w, https:\/\/pstryk.info\/wp-content\/uploads\/2025\/10\/ARK05524s-200x300.jpg 200w, https:\/\/pstryk.info\/wp-content\/uploads\/2025\/10\/ARK05524s-683x1024.jpg 683w, https:\/\/pstryk.info\/wp-content\/uploads\/2025\/10\/ARK05524s-768x1152.jpg 768w, https:\/\/pstryk.info\/wp-content\/uploads\/2025\/10\/ARK05524s-1024x1536.jpg 1024w\" sizes=\"auto, (max-width: 1280px) 100vw, 1280px\" \/><\/figure>\n\n\n\n<figure class=\"wp-block-image size-full\"><img loading=\"lazy\" decoding=\"async\" width=\"1280\" height=\"1920\" data-id=\"647\" src=\"https:\/\/pstryk.info\/wp-content\/uploads\/2025\/10\/ARK05873s.jpg\" alt=\"\" class=\"wp-image-647\" srcset=\"https:\/\/pstryk.info\/wp-content\/uploads\/2025\/10\/ARK05873s.jpg 1280w, https:\/\/pstryk.info\/wp-content\/uploads\/2025\/10\/ARK05873s-200x300.jpg 200w, https:\/\/pstryk.info\/wp-content\/uploads\/2025\/10\/ARK05873s-683x1024.jpg 683w, https:\/\/pstryk.info\/wp-content\/uploads\/2025\/10\/ARK05873s-768x1152.jpg 768w, https:\/\/pstryk.info\/wp-content\/uploads\/2025\/10\/ARK05873s-1024x1536.jpg 1024w\" sizes=\"auto, (max-width: 1280px) 100vw, 1280px\" \/><\/figure>\n\n\n\n<figure class=\"wp-block-image size-full\"><img loading=\"lazy\" decoding=\"async\" width=\"1280\" height=\"1920\" data-id=\"645\" src=\"https:\/\/pstryk.info\/wp-content\/uploads\/2025\/10\/ARN09144s.jpg\" alt=\"\" class=\"wp-image-645\" srcset=\"https:\/\/pstryk.info\/wp-content\/uploads\/2025\/10\/ARN09144s.jpg 1280w, https:\/\/pstryk.info\/wp-content\/uploads\/2025\/10\/ARN09144s-200x300.jpg 200w, https:\/\/pstryk.info\/wp-content\/uploads\/2025\/10\/ARN09144s-683x1024.jpg 683w, https:\/\/pstryk.info\/wp-content\/uploads\/2025\/10\/ARN09144s-768x1152.jpg 768w, https:\/\/pstryk.info\/wp-content\/uploads\/2025\/10\/ARN09144s-1024x1536.jpg 1024w\" sizes=\"auto, (max-width: 1280px) 100vw, 1280px\" \/><\/figure>\n<\/figure>\n\n\n\n<p>Wspaniale prezentuj\u0105 si\u0119 tu zar\u00f3wno klasyczne uj\u0119cia na dziedzi\u0144cu zamku, jak i romantyczne spacery po ogrodach. Fotografowie kochaj\u0105 to miejsce za r\u00f3\u017cnorodno\u015b\u0107 scenerii \u2013 od monumentalnych mur\u00f3w po delikatne alejki kwiatowe.<\/p>\n\n\n\n<p>Ale to dopiero pocz\u0105tek! Wi\u0119cej zamk\u00f3w ? Pa\u0142ac\u00f3w ? Prosz\u0119 bardzo <img loading=\"lazy\" decoding=\"async\" height=\"16\" width=\"16\" alt=\"\ud83d\ude42\" src=\"https:\/\/static.xx.fbcdn.net\/images\/emoji.php\/v9\/t4c\/1\/16\/1f642.png\"><\/p>\n\n\n\n<p>Warto te\u017c odwiedzi\u0107 Ruiny Zamku w Ch\u0119cinach \u2013 z ich surowym, \u015bredniowiecznym charakterem i panoram\u0105 G\u00f3r \u015awi\u0119tokrzyskich. To miejsce ma w sobie nutk\u0119 tajemnicy i idealnie pasuje do par, kt\u00f3re lubi\u0105 nieco mroczniejszy, filmowy klimat. Podobnie Dom \u017beromskiego w okolicy \u015aw.Katarzyny.<\/p>\n\n\n\n<p>Dla mi\u0142o\u015bnik\u00f3w natury polecam \u015awi\u0119tokrzyski Park Narodowy \u2013 sesja w\u015br\u00f3d starych buk\u00f3w, mgie\u0142 unosz\u0105cych si\u0119 nad \u0141ysic\u0105 czy w dolinie rzeki Lubrzanki wygl\u0105da jak kadr z ba\u015bni.<\/p>\n\n\n\n<p>Nie mo\u017cna te\u017c pomin\u0105\u0107 Sandomierza \u2013 jego star\u00f3wka, bulwary nad Wis\u0142\u0105 i romantyczne w\u0105wozy (np. Kr\u00f3lowej Jadwigi) tworz\u0105 niesamowit\u0105 przestrze\u0144 dla par zakochanych w historii i klimacie ma\u0142ego, magicznego miasta. I oczywi\u015bcie ogrom okolicznych sad\u00f3w.<\/p>\n\n\n\n<p>Wi\u0119cej ? Prosz\u0119 <img loading=\"lazy\" decoding=\"async\" height=\"16\" width=\"16\" alt=\"\ud83d\ude42\" src=\"https:\/\/static.xx.fbcdn.net\/images\/emoji.php\/v9\/t4c\/1\/16\/1f642.png\"> Pa\u0142ac w Kurozw\u0119kach z rozleg\u0142ym parkiem to miejsce, kt\u00f3re zaskakuje i zachwyca. Wn\u0119trza pe\u0142ne epicko\u015bci i dostojno\u015bci. Pa\u0142acu w Obl\u0119gorku &#8211; po\u0142\u0105czenie przyrody i architektury.<\/p>\n\n\n\n<p>Ka\u017cde z tych miejsc ma sw\u00f3j w\u0142asny charakter \u2013 od kr\u00f3lewskiego przepychu po naturalny spok\u00f3j. A je\u015bli chcecie, by Wasza sesja by\u0142a jak z bajki, Zamek w Baranowie Sandomierskim z pewno\u015bci\u0105 b\u0119dzie jej sercem.<\/p>\n\n\n\n<p>To w\u0142a\u015bnie tam historia i romantyzm spotykaj\u0105 si\u0119 w jednym kadrze&#8230;.a ja .. pomog\u0119 Wam ten obrazek ubra\u0107 w emocje i relacje.<\/p>\n\n\n\n<p>Fotografia \u015blubna Ostrowiec \u015awi\u0119tokrzyskie, Lublin, Kielce, Radom, Warszawa, Rzesz\u00f3w, Sandomierz.<\/p>\n","protected":false},"excerpt":{"rendered":"<p>Cze\u015b\u0107. Jestem Arkadiusz. Fotografuj\u0119. Bywam gadu\u0142\u0105 i zagadywaczem. Nosz\u0119 okulary tylko do czytania i g\u0142ow\u0119 do my\u015blenia. \ud83d\ude42 Daj\u0119 ka\u017cdemu z Was obrazki erupcji serc, wpatrzonych oczu i u\u015bmiech\u00f3w. Daj\u0119 Wam pakiet wspomnie\u0144 otwieranych po latach i udokumentowanych na zdj\u0119ciach. A w przypadku zdj\u0119\u0107 innych ni\u017c \u015blubne..daj\u0119 Wam pi\u0119kno .. po prostu. Utrwalam wspomnienia. Maluj\u0119 &hellip; <\/p>\n","protected":false},"author":1,"featured_media":0,"parent":0,"menu_order":0,"comment_status":"closed","ping_status":"closed","template":"","meta":{"footnotes":""},"class_list":["post-17","page","type-page","status-publish","hentry"],"yoast_head":"<!-- This site is optimized with the Yoast SEO plugin v26.8 - https:\/\/yoast.com\/product\/yoast-seo-wordpress\/ -->\n<title>O mnie - Fotografia \u015blubna PSTRYK.info Fotograf \u015blubny Warszawa Rzesz\u00f3w Ostrowiec Lublin<\/title>\n<meta name=\"description\" content=\"Fotograf \u015blubny Ostrowiec Lublin Warszawa Rzesz\u00f3w, tanie sesje \u015blubne, fotografia kobieca, rodzinna, do\u015bwiadczony fotograf\" \/>\n<meta name=\"robots\" content=\"index, follow, max-snippet:-1, max-image-preview:large, max-video-preview:-1\" \/>\n<link rel=\"canonical\" href=\"https:\/\/pstryk.info\/\" \/>\n<meta property=\"og:locale\" content=\"pl_PL\" \/>\n<meta property=\"og:type\" content=\"article\" \/>\n<meta property=\"og:title\" content=\"Fotograf \u015blubny Warszawa Lublin Rzesz\u00f3w Ostrowiec Sanok\" \/>\n<meta property=\"og:description\" content=\"Fotograf \u015blubny weselny, podkarpackie, mazowieckie, \u015bwi\u0119tokrzyskie i lubelskie. Tanie sesje \u015blubne, fotografia kobieca i makija\u017cowa, wesela i sesje narzecze\u0144skie\" \/>\n<meta property=\"og:url\" content=\"https:\/\/pstryk.info\/\" \/>\n<meta property=\"og:site_name\" content=\"Fotografia \u015blubna PSTRYK.info\" \/>\n<meta property=\"article:publisher\" content=\"https:\/\/www.facebook.com\/pstryk.info\" \/>\n<meta property=\"article:modified_time\" content=\"2025-10-14T10:34:22+00:00\" \/>\n<meta property=\"og:image\" content=\"https:\/\/pstryk.info\/wp-content\/uploads\/2025\/03\/logo-cdn.jpg\" \/>\n\t<meta property=\"og:image:width\" content=\"718\" \/>\n\t<meta property=\"og:image:height\" content=\"677\" \/>\n\t<meta property=\"og:image:type\" content=\"image\/jpeg\" \/>\n<meta name=\"twitter:card\" content=\"summary_large_image\" \/>\n<meta name=\"twitter:label1\" content=\"Szacowany czas czytania\" \/>\n\t<meta name=\"twitter:data1\" content=\"7 minut\" \/>\n<script type=\"application\/ld+json\" class=\"yoast-schema-graph\">{\"@context\":\"https:\/\/schema.org\",\"@graph\":[{\"@type\":\"WebPage\",\"@id\":\"https:\/\/pstryk.info\/\",\"url\":\"https:\/\/pstryk.info\/\",\"name\":\"O mnie - Fotografia \u015blubna PSTRYK.info Fotograf \u015blubny Warszawa Rzesz\u00f3w Ostrowiec Lublin\",\"isPartOf\":{\"@id\":\"https:\/\/pstryk.info\/#website\"},\"primaryImageOfPage\":{\"@id\":\"https:\/\/pstryk.info\/#primaryimage\"},\"image\":{\"@id\":\"https:\/\/pstryk.info\/#primaryimage\"},\"thumbnailUrl\":\"https:\/\/pstryk.info\/wp-content\/uploads\/2025\/10\/ChatGPT-Image-14-paz-2025-12_12_50.png\",\"datePublished\":\"2025-03-29T20:31:09+00:00\",\"dateModified\":\"2025-10-14T10:34:22+00:00\",\"description\":\"Fotograf \u015blubny Ostrowiec Lublin Warszawa Rzesz\u00f3w, tanie sesje \u015blubne, fotografia kobieca, rodzinna, do\u015bwiadczony fotograf\",\"breadcrumb\":{\"@id\":\"https:\/\/pstryk.info\/#breadcrumb\"},\"inLanguage\":\"pl-PL\",\"potentialAction\":[{\"@type\":\"ReadAction\",\"target\":[\"https:\/\/pstryk.info\/\"]}]},{\"@type\":\"ImageObject\",\"inLanguage\":\"pl-PL\",\"@id\":\"https:\/\/pstryk.info\/#primaryimage\",\"url\":\"https:\/\/pstryk.info\/wp-content\/uploads\/2025\/10\/ChatGPT-Image-14-paz-2025-12_12_50.png\",\"contentUrl\":\"https:\/\/pstryk.info\/wp-content\/uploads\/2025\/10\/ChatGPT-Image-14-paz-2025-12_12_50.png\",\"width\":1024,\"height\":1536},{\"@type\":\"BreadcrumbList\",\"@id\":\"https:\/\/pstryk.info\/#breadcrumb\",\"itemListElement\":[{\"@type\":\"ListItem\",\"position\":1,\"name\":\"Strona g\u0142\u00f3wna\",\"item\":\"https:\/\/pstryk.info\/\"},{\"@type\":\"ListItem\",\"position\":2,\"name\":\"O mnie\"}]},{\"@type\":\"WebSite\",\"@id\":\"https:\/\/pstryk.info\/#website\",\"url\":\"https:\/\/pstryk.info\/\",\"name\":\"Fotografia \u015blubna PSTRYK.info\",\"description\":\"arekpekalski fotografia\",\"publisher\":{\"@id\":\"https:\/\/pstryk.info\/#organization\"},\"potentialAction\":[{\"@type\":\"SearchAction\",\"target\":{\"@type\":\"EntryPoint\",\"urlTemplate\":\"https:\/\/pstryk.info\/?s={search_term_string}\"},\"query-input\":{\"@type\":\"PropertyValueSpecification\",\"valueRequired\":true,\"valueName\":\"search_term_string\"}}],\"inLanguage\":\"pl-PL\"},{\"@type\":\"Organization\",\"@id\":\"https:\/\/pstryk.info\/#organization\",\"name\":\"Fotografia \u015blubna PSTRYK.info us\u0142ugi fotograficzne , \u015bluby, sesje kobiece, sesje rodzinne, wesela, fotografia i video\",\"url\":\"https:\/\/pstryk.info\/\",\"logo\":{\"@type\":\"ImageObject\",\"inLanguage\":\"pl-PL\",\"@id\":\"https:\/\/pstryk.info\/#\/schema\/logo\/image\/\",\"url\":\"https:\/\/pstryk.info\/wp-content\/uploads\/2025\/03\/cropped-cropped-baner1.jpg\",\"contentUrl\":\"https:\/\/pstryk.info\/wp-content\/uploads\/2025\/03\/cropped-cropped-baner1.jpg\",\"width\":163,\"height\":161,\"caption\":\"Fotografia \u015blubna PSTRYK.info us\u0142ugi fotograficzne , \u015bluby, sesje kobiece, sesje rodzinne, wesela, fotografia i video\"},\"image\":{\"@id\":\"https:\/\/pstryk.info\/#\/schema\/logo\/image\/\"},\"sameAs\":[\"https:\/\/www.facebook.com\/pstryk.info\",\"https:\/\/www.instagram.com\/fotografia.pstryk.info\",\"https:\/\/www.instagram.com\/arekpekalski\",\"https:\/\/www.facebook.com\/arekpekalski\",\"https:\/\/www.ars.maxmodels.pl\"]}]}<\/script>\n<!-- \/ Yoast SEO plugin. -->","yoast_head_json":{"title":"O mnie - Fotografia \u015blubna PSTRYK.info Fotograf \u015blubny Warszawa Rzesz\u00f3w Ostrowiec Lublin","description":"Fotograf \u015blubny Ostrowiec Lublin Warszawa Rzesz\u00f3w, tanie sesje \u015blubne, fotografia kobieca, rodzinna, do\u015bwiadczony fotograf","robots":{"index":"index","follow":"follow","max-snippet":"max-snippet:-1","max-image-preview":"max-image-preview:large","max-video-preview":"max-video-preview:-1"},"canonical":"https:\/\/pstryk.info\/","og_locale":"pl_PL","og_type":"article","og_title":"Fotograf \u015blubny Warszawa Lublin Rzesz\u00f3w Ostrowiec Sanok","og_description":"Fotograf \u015blubny weselny, podkarpackie, mazowieckie, \u015bwi\u0119tokrzyskie i lubelskie. Tanie sesje \u015blubne, fotografia kobieca i makija\u017cowa, wesela i sesje narzecze\u0144skie","og_url":"https:\/\/pstryk.info\/","og_site_name":"Fotografia \u015blubna PSTRYK.info","article_publisher":"https:\/\/www.facebook.com\/pstryk.info","article_modified_time":"2025-10-14T10:34:22+00:00","og_image":[{"width":718,"height":677,"url":"https:\/\/pstryk.info\/wp-content\/uploads\/2025\/03\/logo-cdn.jpg","type":"image\/jpeg"}],"twitter_card":"summary_large_image","twitter_misc":{"Szacowany czas czytania":"7 minut"},"schema":{"@context":"https:\/\/schema.org","@graph":[{"@type":"WebPage","@id":"https:\/\/pstryk.info\/","url":"https:\/\/pstryk.info\/","name":"O mnie - Fotografia \u015blubna PSTRYK.info Fotograf \u015blubny Warszawa Rzesz\u00f3w Ostrowiec Lublin","isPartOf":{"@id":"https:\/\/pstryk.info\/#website"},"primaryImageOfPage":{"@id":"https:\/\/pstryk.info\/#primaryimage"},"image":{"@id":"https:\/\/pstryk.info\/#primaryimage"},"thumbnailUrl":"https:\/\/pstryk.info\/wp-content\/uploads\/2025\/10\/ChatGPT-Image-14-paz-2025-12_12_50.png","datePublished":"2025-03-29T20:31:09+00:00","dateModified":"2025-10-14T10:34:22+00:00","description":"Fotograf \u015blubny Ostrowiec Lublin Warszawa Rzesz\u00f3w, tanie sesje \u015blubne, fotografia kobieca, rodzinna, do\u015bwiadczony fotograf","breadcrumb":{"@id":"https:\/\/pstryk.info\/#breadcrumb"},"inLanguage":"pl-PL","potentialAction":[{"@type":"ReadAction","target":["https:\/\/pstryk.info\/"]}]},{"@type":"ImageObject","inLanguage":"pl-PL","@id":"https:\/\/pstryk.info\/#primaryimage","url":"https:\/\/pstryk.info\/wp-content\/uploads\/2025\/10\/ChatGPT-Image-14-paz-2025-12_12_50.png","contentUrl":"https:\/\/pstryk.info\/wp-content\/uploads\/2025\/10\/ChatGPT-Image-14-paz-2025-12_12_50.png","width":1024,"height":1536},{"@type":"BreadcrumbList","@id":"https:\/\/pstryk.info\/#breadcrumb","itemListElement":[{"@type":"ListItem","position":1,"name":"Strona g\u0142\u00f3wna","item":"https:\/\/pstryk.info\/"},{"@type":"ListItem","position":2,"name":"O mnie"}]},{"@type":"WebSite","@id":"https:\/\/pstryk.info\/#website","url":"https:\/\/pstryk.info\/","name":"Fotografia \u015blubna PSTRYK.info","description":"arekpekalski fotografia","publisher":{"@id":"https:\/\/pstryk.info\/#organization"},"potentialAction":[{"@type":"SearchAction","target":{"@type":"EntryPoint","urlTemplate":"https:\/\/pstryk.info\/?s={search_term_string}"},"query-input":{"@type":"PropertyValueSpecification","valueRequired":true,"valueName":"search_term_string"}}],"inLanguage":"pl-PL"},{"@type":"Organization","@id":"https:\/\/pstryk.info\/#organization","name":"Fotografia \u015blubna PSTRYK.info us\u0142ugi fotograficzne , \u015bluby, sesje kobiece, sesje rodzinne, wesela, fotografia i video","url":"https:\/\/pstryk.info\/","logo":{"@type":"ImageObject","inLanguage":"pl-PL","@id":"https:\/\/pstryk.info\/#\/schema\/logo\/image\/","url":"https:\/\/pstryk.info\/wp-content\/uploads\/2025\/03\/cropped-cropped-baner1.jpg","contentUrl":"https:\/\/pstryk.info\/wp-content\/uploads\/2025\/03\/cropped-cropped-baner1.jpg","width":163,"height":161,"caption":"Fotografia \u015blubna PSTRYK.info us\u0142ugi fotograficzne , \u015bluby, sesje kobiece, sesje rodzinne, wesela, fotografia i video"},"image":{"@id":"https:\/\/pstryk.info\/#\/schema\/logo\/image\/"},"sameAs":["https:\/\/www.facebook.com\/pstryk.info","https:\/\/www.instagram.com\/fotografia.pstryk.info","https:\/\/www.instagram.com\/arekpekalski","https:\/\/www.facebook.com\/arekpekalski","https:\/\/www.ars.maxmodels.pl"]}]}},"_links":{"self":[{"href":"https:\/\/pstryk.info\/index.php\/wp-json\/wp\/v2\/pages\/17","targetHints":{"allow":["GET"]}}],"collection":[{"href":"https:\/\/pstryk.info\/index.php\/wp-json\/wp\/v2\/pages"}],"about":[{"href":"https:\/\/pstryk.info\/index.php\/wp-json\/wp\/v2\/types\/page"}],"author":[{"embeddable":true,"href":"https:\/\/pstryk.info\/index.php\/wp-json\/wp\/v2\/users\/1"}],"replies":[{"embeddable":true,"href":"https:\/\/pstryk.info\/index.php\/wp-json\/wp\/v2\/comments?post=17"}],"version-history":[{"count":26,"href":"https:\/\/pstryk.info\/index.php\/wp-json\/wp\/v2\/pages\/17\/revisions"}],"predecessor-version":[{"id":649,"href":"https:\/\/pstryk.info\/index.php\/wp-json\/wp\/v2\/pages\/17\/revisions\/649"}],"wp:attachment":[{"href":"https:\/\/pstryk.info\/index.php\/wp-json\/wp\/v2\/media?parent=17"}],"curies":[{"name":"wp","href":"https:\/\/api.w.org\/{rel}","templated":true}]}}